{"id":22,"date":"2020-12-02T11:40:58","date_gmt":"2020-12-02T10:40:58","guid":{"rendered":"http:\/\/vielfalt-in-ee.de\/dl\/?page_id=22"},"modified":"2023-11-24T19:52:25","modified_gmt":"2023-11-24T18:52:25","slug":"konferenzen","status":"publish","type":"page","link":"http:\/\/vielfalt-in-ee.de\/dl\/konferenzen\/","title":{"rendered":"Konferenzen"},"content":{"rendered":"\n<h2 class=\"wp-block-heading\"><strong>1. Demokratiekonferenz Elbe-Elster <\/strong>in<strong> Herzberg \/ Elster<\/strong><\/h2>\n\n\n\n<p>18. Juni 2015<\/p>\n\n\n\n<ul class=\"wp-block-list\">\n<li>Partnerschaft f\u00fcr Demokratie im Landkreis Elbe-Elster 1. Demokratiekonferenz am 18.&nbsp;Juni&nbsp;2015 &#8211; Dokumentation <strong><a href=\"http:\/\/vielfalt-in-ee.de\/dokumente\/konferenzen\/Dokumentation_Demokratiekonferenz_EE.pdf\" target=\"_blank\" rel=\"noreferrer noopener\">\u00bb\u00bb<\/a><\/strong><\/li>\n\n\n\n<li>Politisch Motivierte Kriminalit\u00e4t (PMK) in der Polizeiinspektion Elbe-Elster <strong><a href=\"http:\/\/vielfalt-in-ee.de\/dokumente\/konferenzen\/Dokumentation_Demokratiekonferenz_EE_Anhang_III_PMK.pdf\" target=\"_blank\" rel=\"noreferrer noopener\">\u00bb\u00bb<\/a><\/strong><\/li>\n\n\n\n<li>Partnerschaften f\u00fcr Demokratie in Brandenburg <strong><a href=\"http:\/\/vielfalt-in-ee.de\/dokumente\/konferenzen\/Dokumentation_Demokratiekonferenz_EE_Anhang_II_BB.pdf\" target=\"_blank\" rel=\"noreferrer noopener\">\u00bb<\/a><a href=\"http:\/\/vielfalt-in-ee.de\/dokumente\/konferenzen\/Dokumentation_Demokratiekonferenz_EE.pdf\">\u00bb<\/a><\/strong><\/li>\n\n\n\n<li>Stand und Umsetzung <strong><a href=\"http:\/\/vielfalt-in-ee.de\/dokumente\/konferenzen\/Dokumentation_Demokratiekonferenz_EE_Anhang_I_BMFSFJ.pdf\" target=\"_blank\" rel=\"noreferrer noopener\">\u00bb<\/a><a href=\"http:\/\/vielfalt-in-ee.de\/dokumente\/konferenzen\/Dokumentation_Demokratiekonferenz_EE.pdf\">\u00bb<\/a><\/strong><\/li>\n<\/ul>\n\n\n\n<hr class=\"wp-block-separator has-css-opacity is-style-wide\"\/>\n\n\n\n<h2 class=\"wp-block-heading\"><strong>3. Demokratiekonferenz Elbe-Elster <\/strong>in<strong> Doberlug-Kirchhain<\/strong><\/h2>\n\n\n\n<p>18. Februar 2016<\/p>\n\n\n\n<ul class=\"wp-block-list\">\n<li>Zukunftsdialog \u201eTolerantes Brandenburg\u201c 3. Demokratiekonferenz Elbe-Elster 18. Februar 2016, Doberlug-Kirchhain<strong>&nbsp;<a href=\"http:\/\/vielfalt-in-ee.de\/dokumente\/konferenzen\/Dokumentation_Demokratiekonferenz_EE_Anhang_I_BMFSFJ.pdf\" target=\"_blank\" rel=\"noreferrer noopener\">\u00bb<\/a><a href=\"http:\/\/vielfalt-in-ee.de\/dokumente\/konferenzen\/Dokumentation_Demokratiekonferenz_EE.pdf\">\u00bb<\/a><\/strong><\/li>\n<\/ul>\n\n\n\n<hr class=\"wp-block-separator has-css-opacity is-style-wide\"\/>\n\n\n\n<h2 class=\"wp-block-heading\"><strong>Intensiver Austausch \u00fcber Integration im l\u00e4ndlichen Raum<\/strong><br><strong>3. Integrationsforum und 4. Demokratiekonferenz im Haus des Gastes Falkenberg<\/strong><\/h2>\n\n\n\n<p>Menschen mit Migrationsgeschichte und Fluchterfahrungen leben in unserem Landkreis, haben jetzt ihre neue Heimat hier und schreiben ihre Integrationsgeschichte. Um letztere ging es bei der gemeinsamen Veranstaltung des 3. Integrationsforums und der 4. Demokratiekonferenz der \u201ePartnerschaft f\u00fcr Demokratie\u201c des Landkreises Elbe-Elster am 12. Oktober in Falkenberg. Dazu begr\u00fc\u00dften der Integrationsbeauftragte des Landkreises, J\u00fcrgen Br\u00fcckner, und Ute Miething von der kreislichen Fach -und Koordinierungsstelle \u201ePartnerschaft f\u00fcr Demokratie\u201c im Bundesprogramm \u201eDemokratie leben\u201c \u00fcber 70 Akteure und Migranten von Fl\u00fcchtlingsinitiativen und zivilgesellschaftlichen Organisationen sowie Vertreter aus Kommunen, Vereinen, Verb\u00e4nden, Organisationen und Institutionen. Zu den Teilnehmern im \u201eHaus des Gastes\u201c geh\u00f6rten auch Landrat Christian Heinrich-Jaschinski und die Integrationsbeauftragte des Landes Brandenburg, Dr. Doris Lemmermeier. <strong><a href=\"http:\/\/vielfalt-in-ee.de\/dokumente\/konferenzen\/Dokumentation_Demokratiekonferenz_EE_Anhang_I_BMFSFJ.pdf\" target=\"_blank\" rel=\"noreferrer noopener\">\u00bb<\/a><a href=\"http:\/\/vielfalt-in-ee.de\/dokumente\/konferenzen\/IntegrF-u-DemokK-Fb-171017.pdf\" target=\"_blank\" rel=\"noreferrer noopener\">\u00bb<\/a><\/strong><\/p>\n\n\n\n<hr class=\"wp-block-separator has-css-opacity is-style-wide\"\/>\n\n\n\n<h2 class=\"wp-block-heading\"><strong>6. Demokratiekonferenz in der \u201eLouise\u201c Domsdorf<\/strong><\/h2>\n\n\n\n<p><em>Bilanz und Ausblick nach 5 Jahren Bundesprogramm \u201eDemokratie leben\u201c im Landkreis Elbe-Elster<\/em><br>\u201ePr\u00e4ventions- und Demokratiearbeit hat im Landkreis Elbe-Elster eine lange Tradition\u201c, res\u00fcmierte Ute Miething von der kreislichen Fach -und Koordinierungsstelle \u201ePartnerschaft f\u00fcr Demokratie\u201c anl\u00e4sslich der 6. Demokratiekonferenz am 17. Oktober in der \u201eLouise\u201c Domsdorf. Die vor Jahren gestarteten Bundesprogramme \u201eVielfalt tut gut\u201c und \u201eToleranz f\u00f6rdern \u2013 Kompetenz st\u00e4rken\u201c waren im Landkreis verankert und unterst\u00fctzen j\u00e4hrlich die vielf\u00e4ltige Projektlandschaft. Seit 2015 werden Tr\u00e4ger und Initiativen \u00fcber das Bundesprogramm \u201eDemokratie leben\u201c unterst\u00fctzt. Und es wird zun\u00e4chst bis 2024 weitergehen, versprach der Erste Beigeordnete und Vorsitzende des Kreispr\u00e4ventionsrates Peter Hans, der Landkreis hat auch f\u00fcr die 2.F\u00f6rderperiode eine Antrag beim Bundesministerium f\u00fcr Familie, Senioren, Frauen und Jugend gestellt.&nbsp; <strong><a rel=\"noreferrer noopener\" href=\"http:\/\/vielfalt-in-ee.de\/dokumente\/konferenzen\/Demokratiekonferenz-2019.pdf\" target=\"_blank\">\u00bb<\/a><a rel=\"noreferrer noopener\" href=\"http:\/\/vielfalt-in-ee.de\/dokumente\/konferenzen\/IntegrF-u-DemokK-Fb-171017.pdf\" target=\"_blank\">\u00bb<\/a><\/strong><\/p>\n\n\n\n<hr class=\"wp-block-separator has-css-opacity is-style-wide\"\/>\n\n\n\n<h2 class=\"wp-block-heading\"><strong>Demokratiekonferenz 2021&nbsp; fand unter Coronabedingungen statt.<\/strong><\/h2>\n\n\n\n<p>Nachdem 2020 die Demokratiekonferenz wegen der hohen Coronazahlen und den damit verbundenen Auflagen f\u00fcr Veranstalter abgesagt werden musste, konnte sie 2021 stattfinden.<\/p>\n\n\n\n<p>Veranstaltungstag war der 31. August 2021<br>Veranstaltungsort: Haus des Gastes Falkenberg\/Elster.<\/p>\n\n\n\n<p>Ziel der Konferenz war es, neue Handlungsfelder und Schwerpunkte der Arbeit in der Partnerschaft f\u00fcr Demokratie Landkreis EE zu setzen.<\/p>\n\n\n\n<p>Folgende Fragestellungen wurden in Kleigruppen diskutiert.<\/p>\n\n\n\n<ol class=\"wp-block-list\" style=\"list-style-type:1\">\n<li>Welche Entwicklungslinien sehen wir auf uns zukommen in politischer, sozialer, kultureller und wirtschaftlicher Hinsicht in Bezug auf das Thema Demokratieentwicklung und \u2013vertiefung im Landkreis Elbe-Elster<\/li>\n\n\n\n<li>Welchen Aufgaben und Handlungsfeldern stellen wir uns mit Ihnen als Projekttr\u00e4gern im F\u00f6rderzeitraum?<\/li>\n\n\n\n<li>Wie k\u00f6nnen wir das Bundesprogramm im Landkreis Elbe-Elster bedarfsgerecht umsetzen?<\/li>\n<\/ol>\n\n\n\n<p>Es fand ein intensiver Austausch der Anwesenden (Vertreter:innen von Tr\u00e4gern der Projekte im Bundesprogramm, Initiativen und der Fl\u00fcchtlingsarbeit und Mitarbeitenden der Kreisverwaltung)&nbsp; statt.<br>Es tat den Anwesenden gut, sich nach einer langen Zeit wieder zu sehen und auszutauschen.<br>Die Ergebnisse der Konferenz werden in der weiteren Arbeit des Begleitausschusses und f\u00fcr die Schwerpunktsetzung 2022 wichtig sein.<br>Die Moderation erfolgte durch das &nbsp;Argo-Team Kristina Nauditt und Gerd Wermerskirch<\/p>\n\n\n\n<hr class=\"wp-block-separator has-alpha-channel-opacity is-style-wide\"\/>\n\n\n\n<h2 class=\"wp-block-heading\"><strong>Demokratiekonferenz und Integrationsforum in Hirschfeld<\/strong> &#8211; <strong>eine Nachbetrachtung<\/strong><\/h2>\n\n\n\n<p>Unter dem Motto <strong>\u201eAUSHALTEN-INNEHALTEN-GEGENHALTEN\u201c<\/strong> fanden <strong>Demokratiekonferenz <\/strong>und <strong>Integrationsforum <\/strong>am 13.10. 2022 im Gemeindezentrum &nbsp;der evangelischen Kirche in Hirschfeld statt.<\/p>\n\n\n\n<p>Nach der Begr\u00fc\u00dfung durch den 1. Beigeordneten des Landkreises Elbe-Elster und Vorsitzenden des Kreispr\u00e4ventionsrates Herrn Peter Hans res\u00fcmierte die Koordinierungsstelle der \u201ePartnerschaft f\u00fcr Demokratie\u201c des Landkreises &nbsp;Frau Ute Miething zu den Erfahrungen, Arbeitsschritten und der Umsetzung des Bundesprogrammes \u201eDemokratie leben\u201c im Landkreis Elbe-Elster.<\/p>\n\n\n\n<p>Corona hat den Projekttr\u00e4gern und den Aktiven in der Jugendsozial-und migrationsarbeit viel abverlangt.<\/p>\n\n\n\n<p>Die Antragstellungen erfolgten verhalten. So sind f\u00fcr 2023 noch Mittel vorhanden. Antr\u00e4ge im Sinne des Bundesprogrammes sind herzlich willkommen.<\/p>\n\n\n\n<p>Ebenso w\u00fcrdigte sie die Arbeit des Begleitausschusses und stellte die Mitglieder vor.<\/p>\n\n\n\n<p>F\u00fcr die Jahre 2023\/2024 ist der Antrag gestellt. Wenn die Bewilligung erfolgt, kann der Landkreis weiterhin am Bundesprogramm teilnehmen und hat das dann auch in der vollen 2. F\u00f6rderperiode getan. Diese endet 2024.<\/p>\n\n\n\n<p>Die Integrationsbeauftragte Frau Steffi H\u00e4dicke begr\u00fc\u00dfte zum Integrationsforum und erl\u00e4uterte das Anliegen dieses.<\/p>\n\n\n\n<p>Pfarrer Heize aus Hirschfeld leitete mit seinem Beitrag \u201eChancen und Herausforderungen der Demokratie vor Ort\u201c zu den 3 Workshops \u00fcber.<\/p>\n\n\n\n<p>Das Motto AUSHALTEN-INNEHALTEN-GEGENHALTEN war titelgebend f\u00fcr die workshops<\/p>\n\n\n\n<ul class=\"wp-block-list\">\n<li>Aushalten- moderiert von Frau&nbsp; Sandra Kuckel vom MBT Team <strong><a href=\"http:\/\/vielfalt-in-ee.de\/dl\/wp-content\/uploads\/2022\/12\/Dokumentation-Aushalten-WS.pdf\" target=\"_blank\" rel=\"noreferrer noopener\">\u00bb\u00bb<\/a><\/strong><\/li>\n\n\n\n<li>Innehalten moderiert vom Team educat<\/li>\n\n\n\n<li>Aushalten moderiert von den Stammtischk\u00e4mpfer*innen. <strong><a href=\"http:\/\/vielfalt-in-ee.de\/dl\/wp-content\/uploads\/2022\/12\/22-10-13_Demokratiekonferenz_Praesentation-Stammtischkaempfer.pdf\" target=\"_blank\" rel=\"noreferrer noopener\">\u00bb\u00bb<\/a><\/strong><\/li>\n<\/ul>\n\n\n\n<p>Nach den anregenden Diskussionen in den Workshops waren die \u201eBlitzlichter\u201c und das gemeinsame Abendessen der Abschluss des Tages.<\/p>\n\n\n\n<p>Moderiert wurde die Konferenz von Herrn Stefan Kollasch vom MBT Team.<\/p>\n\n\n\n<p>Danke an alle die zum Gelingen der Veranstaltung beitrugen.<\/p>\n\n\n\n<ul class=\"wp-block-list\">\n<li>Gemeindezentrum Hirschfeld<\/li>\n\n\n\n<li>educat, den Stammtischk\u00e4mpfer*innen, dem MBT Team<\/li>\n\n\n\n<li>Florian Freiwald<\/li>\n\n\n\n<li>Gastst\u00e4tte \u201eZum Hirsch\u201c Hirschfeld<\/li>\n<\/ul>\n\n\n\n<hr class=\"wp-block-separator has-alpha-channel-opacity is-style-wide\"\/>\n\n\n\n<h2 class=\"wp-block-heading\"><strong>8. Demokratiekonferenz in Bad Liebenwerda<\/strong><\/h2>\n\n\n\n<p>Vertreter aus verschiedenen gesellschaftlichen Bereichen trafen sich zum gemeinsamen Gedankenaustausch<\/p>\n\n\n\n<p>Unter dem Motto \u201eWas bedeutet demokratisches Engagement im Ehrenamt\u201c fand am 11. Oktober die 8. Demokratiekonferenz des Landkreises Elbe-Elster im Evangelischen Gemeindezentrum Bad Liebenwerda statt. Die Konferenz versammelte Vertreterinnen und Vertreter aus verschiedenen gesellschaftlichen Bereichen, darunter Feuerwehr, Landfrauen, Migration, Kirche, Sport und Selbsthilfegruppen sowie Vertreterinnen und Vertreter der Tr\u00e4ger von Projekten des Bundesprogrammes \u201eDemokratie leben\u201c im Landkreis Elbe-Elster.<\/p>\n\n\n\n<p>Die Konferenz wurde von Frau Kuckel vom Mobilen Beratungsteam Cottbus moderiert. Herr Gebhard, Beigeordneter des Landkreises Elbe-Elster, begr\u00fc\u00dfte die Anwesenden und \u00fcberbrachte die Gr\u00fc\u00dfe des Landrates. In seiner Begr\u00fc\u00dfungsrede betonte er die Bedeutung der Demokratie und des ehrenamtlichen Engagements.<\/p>\n\n\n\n<p>Frau Miething von der kreislichen Koordinierungs- und Fachstelle der \u201ePartnerschaft f\u00fcr Demokratie&#8220;, berichtete \u00fcber die Ergebnisse des Bundesprogramms im Jahr 2023. In diesem Jahr wurden insgesamt 18 Projekte mit einer Gesamtf\u00f6rdersumme von etwa 32.400 Euro unterst\u00fctzt, die sowohl aus dem Projekt- und Initiativfond, als auch aus dem Jugendfond flossen. F\u00fcr das Jahr 2024 stehen ebenfalls Projektmittel zur Verf\u00fcgung.<\/p>\n\n\n\n<p>In einem Impulsreferat stellte Frau Petzold vom Amt Plessa die Situation und die zu erwartenden Fakten f\u00fcr die ehrenamtliche Arbeit anhand ihres Amtes vor. Die pr\u00e4sentierten Fakten und Darstellungen fanden gro\u00dfes Interesse bei den Anwesenden und spiegelten ihre eigenen Erfahrungen in ihren jeweiligen Bereichen wider.<\/p>\n\n\n\n<p>Die \u201ePartnerschaft f\u00fcr Demokratie\u201c setzt bei der Durchf\u00fchrung des Bundesprogramms auf eine vielf\u00e4ltige gemeinn\u00fctzige Tr\u00e4gerlandschaft und arbeitet eng mit dem Begleitausschuss zusammen. Dieser setzt sich aus Vertreterinnen und Vertretern der Zivilgesellschaft und der Verwaltung zusammen. Weitere Interessierte sind herzlich eingeladen, sich an Frau Miething zu wenden, um Teil dieses engagierten Teams zu werden.<\/p>\n\n\n\n<p><em>\u201eAlles Gro\u00dfe in unserer Welt geschieht nur, weil jemand mehr tut als er\/sie muss.\u201c<\/em> Dieses inspirierende Zitat von Herrmann Gmeiner <a>(<em>Anm. d. Red.: Gr\u00fcnder der SOS-Kinderd\u00f6rfer<\/em>) <\/a>fasst die wichtige Arbeit der zahlreichen Ehrenamtlichen im Landkreis Elbe-Elster treffend zusammen.<\/p>\n\n\n\n<p>In den anschlie\u00dfenden Workshops an Thementischen, wie Landfrauen, Feuerwehr, Sport, Kirche, Migration und Selbsthilfegruppen, diskutierten die Teilnehmerinnen und Teilnehmer Fragen wie: \u201eWelche Herausforderungen, Bedarfe und Unterschiede gibt es im Ehrenamt in der heutigen Zeit?\u201c Die Ergebnisse dieser Diskussionen wurden zusammengetragen und im Plenum ausgewertet. Der Begleitausschuss wird sich in den n\u00e4chsten Beratungen mit diesen Ergebnissen auseinandersetzen.<\/p>\n\n\n\n<p>Der Landkreis Elbe-Elster m\u00f6chte sich herzlich bei allen bedanken, die zum Gelingen der Demokratiekonferenz beigetragen haben. Ihr Engagement und ihre Unterst\u00fctzung sind von unsch\u00e4tzbarem Wert f\u00fcr die F\u00f6rderung der Demokratie und des ehrenamtlichen Engagements in unserer Region. <strong><a href=\"http:\/\/vielfalt-in-ee.de\/dl\/wp-content\/uploads\/2023\/11\/Dokumentation-Demokratiekonferenz-Elbe-Elster-2023.pdf\" target=\"_blank\" rel=\"noreferrer noopener\">\u00bb\u00bb<\/a><\/strong><\/p>\n\n\n\n<p><strong>Ute Miething<\/strong><br>Koordinierungsstelle \u201ePartnerschaft f\u00fcr Demokratie\u201c &#8211; Landkreis Elbe-Elster<\/p>\n","protected":false},"excerpt":{"rendered":"<p>1. Demokratiekonferenz Elbe-Elster in Herzberg \/ Elster 18. Juni 2015 3. Demokratiekonferenz Elbe-Elster in Doberlug-Kirchhain 18. Februar 2016 Intensiver Austausch \u00fcber Integration im l\u00e4ndlichen Raum3. Integrationsforum und 4. Demokratiekonferenz im Haus des Gastes Falkenberg Menschen mit Migrationsgeschichte und Fluchterfahrungen leben in unserem Landkreis, haben jetzt ihre neue Heimat hier und schreiben ihre Integrationsgeschichte. Um letztere &hellip; <\/p>\n<p class=\"link-more\"><a href=\"http:\/\/vielfalt-in-ee.de\/dl\/konferenzen\/\" class=\"more-link\"><span class=\"screen-reader-text\">\u201eKonferenzen\u201c<\/span> weiterlesen<\/a><\/p>\n","protected":false},"author":1,"featured_media":0,"parent":0,"menu_order":0,"comment_status":"closed","ping_status":"closed","template":"","meta":{"footnotes":""},"class_list":["post-22","page","type-page","status-publish","hentry"],"_links":{"self":[{"href":"http:\/\/vielfalt-in-ee.de\/dl\/wp-json\/wp\/v2\/pages\/22","targetHints":{"allow":["GET"]}}],"collection":[{"href":"http:\/\/vielfalt-in-ee.de\/dl\/wp-json\/wp\/v2\/pages"}],"about":[{"href":"http:\/\/vielfalt-in-ee.de\/dl\/wp-json\/wp\/v2\/types\/page"}],"author":[{"embeddable":true,"href":"http:\/\/vielfalt-in-ee.de\/dl\/wp-json\/wp\/v2\/users\/1"}],"replies":[{"embeddable":true,"href":"http:\/\/vielfalt-in-ee.de\/dl\/wp-json\/wp\/v2\/comments?post=22"}],"version-history":[{"count":14,"href":"http:\/\/vielfalt-in-ee.de\/dl\/wp-json\/wp\/v2\/pages\/22\/revisions"}],"predecessor-version":[{"id":207,"href":"http:\/\/vielfalt-in-ee.de\/dl\/wp-json\/wp\/v2\/pages\/22\/revisions\/207"}],"wp:attachment":[{"href":"http:\/\/vielfalt-in-ee.de\/dl\/wp-json\/wp\/v2\/media?parent=22"}],"curies":[{"name":"wp","href":"https:\/\/api.w.org\/{rel}","templated":true}]}}