{"id":29,"date":"2020-12-02T11:44:10","date_gmt":"2020-12-02T10:44:10","guid":{"rendered":"http:\/\/vielfalt-in-ee.de\/dl\/?page_id=29"},"modified":"2020-12-02T11:44:10","modified_gmt":"2020-12-02T10:44:10","slug":"wen-foerdern-wir","status":"publish","type":"page","link":"http:\/\/vielfalt-in-ee.de\/dl\/wen-foerdern-wir\/","title":{"rendered":"Wen f\u00f6rdern wir?"},"content":{"rendered":"\n<p>Antragsberechtigt sind gemeinn\u00fctzige Tr\u00e4ger und Initiativen (Nachweis der Gemeinn\u00fctzigkeit gem\u00e4\u00df \u00a7 51 ff Abgabeordnung)<\/p>\n","protected":false},"excerpt":{"rendered":"<p>Antragsberechtigt sind gemeinn\u00fctzige Tr\u00e4ger und Initiativen (Nachweis der Gemeinn\u00fctzigkeit gem\u00e4\u00df \u00a7 51 ff Abgabeordnung)<\/p>\n","protected":false},"author":1,"featured_media":0,"parent":0,"menu_order":0,"comment_status":"closed","ping_status":"closed","template":"","meta":{"footnotes":""},"class_list":["post-29","page","type-page","status-publish","hentry"],"_links":{"self":[{"href":"http:\/\/vielfalt-in-ee.de\/dl\/wp-json\/wp\/v2\/pages\/29","targetHints":{"allow":["GET"]}}],"collection":[{"href":"http:\/\/vielfalt-in-ee.de\/dl\/wp-json\/wp\/v2\/pages"}],"about":[{"href":"http:\/\/vielfalt-in-ee.de\/dl\/wp-json\/wp\/v2\/types\/page"}],"author":[{"embeddable":true,"href":"http:\/\/vielfalt-in-ee.de\/dl\/wp-json\/wp\/v2\/users\/1"}],"replies":[{"embeddable":true,"href":"http:\/\/vielfalt-in-ee.de\/dl\/wp-json\/wp\/v2\/comments?post=29"}],"version-history":[{"count":1,"href":"http:\/\/vielfalt-in-ee.de\/dl\/wp-json\/wp\/v2\/pages\/29\/revisions"}],"predecessor-version":[{"id":30,"href":"http:\/\/vielfalt-in-ee.de\/dl\/wp-json\/wp\/v2\/pages\/29\/revisions\/30"}],"wp:attachment":[{"href":"http:\/\/vielfalt-in-ee.de\/dl\/wp-json\/wp\/v2\/media?parent=29"}],"curies":[{"name":"wp","href":"https:\/\/api.w.org\/{rel}","templated":true}]}}