{"id":5,"date":"2020-11-27T11:39:12","date_gmt":"2020-11-27T10:39:12","guid":{"rendered":"http:\/\/vielfalt-in-ee.de\/dl\/?page_id=5"},"modified":"2025-09-18T13:28:17","modified_gmt":"2025-09-18T11:28:17","slug":"pfd","status":"publish","type":"page","link":"http:\/\/vielfalt-in-ee.de\/dl\/","title":{"rendered":"Partnerschaft f\u00fcr Demokratie"},"content":{"rendered":"\n<h3 class=\"wp-block-heading\"><strong>Wer ist die &nbsp;\u201ePartnerschaft f\u00fcr Demokratie\u201c (PfD) im Landkreis Elbe-Elster?<\/strong><\/h3>\n\n\n\n<p>Projekte, die Demokratie f\u00f6rdern und zu kultureller Vielfalt ermutigen haben eine lange Tradition im Landkreis Elbe-Elster. Schon im Jahr 2000 fasste der Kreistag Elbe-Elster den Beschluss f\u00fcr einen weltoffenen toleranten Landkreis Elbe-Elster- gegen Rechtsextremismus und fremdenfeindliche Gewalt. Im M\u00e4rz 2004 wurde der Kreispr\u00e4ventionsrat gegr\u00fcndet, dieser setzt sich aus Vertreter_innen der Kreisverwaltung, der Polizei, des Staatlichen Schulamtes, der Justiz und des Kreisjugendringes zusammen. Er unterst\u00fctzt als \u00c4mternetzwerk den Lokalen Aktionsplan Elbe-Elster. <\/p>\n\n\n\n<p>Seit 2006 ist der Landkreis auch Kooperationspartner des \u201eToleranten Brandenburg\u201c. Der Landkreis beteiligte sich von 2007-2010 aktiv am Bundesprogramm \u201eVielfalt tut gut\u201c und von 2011-2014 am Programm \u201eToleranz f\u00f6rdern-Kompetenz st\u00e4rken\u201c. Diese Arbeit wird jetzt kontinuierlich mit dem Bundesprogramm \u201eDemokratie leben\u201c fortgef\u00fchrt.<\/p>\n\n\n\n<p>Ein Projekt von vielen ist das Gewaltpr\u00e4ventionsprogramm \u201eFAIR miteinander\u201c. Sicher ist es Ihnen aus Ihren Kitas mit EFFEKT und in den Schulen \u00fcber den Partner RAA Brandenburg bekannt. Diese Arbeit wurde von 2007 bis 2013 aus dem Lokalen Aktionsplan gef\u00f6rdert und wird nun vom Bildungsb\u00fcro weitergef\u00fchrt. Im Zuge der Nachhaltigkeit des Bundesprogrammes \u201eToleranz f\u00f6rdern-Kompetenz st\u00e4rken\u201c hat der Landkreis eine eigene Richtlinie zur F\u00f6rderung von Toleranz und Demokratie beschlossen und verabschiedet. J\u00e4hrlich stehen 15.000 \u20ac f\u00fcr Projekte zur Verf\u00fcgung.<\/p>\n\n\n\n<h3 class=\"wp-block-heading\"><strong>Was will die Partnerschaft f\u00fcr Demokratie?<\/strong><\/h3>\n\n\n\n<p>Ziel des Bundesprogrammes \u201eDemokratie leben!\u201c ist die -F\u00f6rderung eines vielf\u00e4ltigen und demokratischen Engagements durch die St\u00e4rkung einer lebendigen Zivilgesellschaft vor Ort,-Etablierung und Entwicklung von Verfahren der demokratischen Beteiligung,-gesellschaftliche Sensibilisierung in Bezug auf alle demokratie-und rechtsstaatfeindlichen Ph\u00e4nomene und die St\u00e4rkung des \u00f6ffentlichen Engagements.<\/p>\n\n\n\n<p>F\u00fcr die Laufzeit des Bundesprogrammes \u201eDemokratie leben\u201c werden die nachfolgenden Ziele verfolgt:<\/p>\n\n\n\n<ul class=\"wp-block-list\">\n<li>Die PfD f\u00f6rdert und st\u00e4rkt das zivilgesellschaftliche Engagement gegen jede Form von Rechtsextremismus und antidemokratischen Tendenzen<\/li>\n\n\n\n<li>unterst\u00fctzt die Ausgestaltung eines vielf\u00e4ltigen kulturellen Zusammenlebens in den Kommunen<\/li>\n\n\n\n<li>verbessert die Reaktionsf\u00e4higkeit in regionale Konfliktlagen<\/li>\n\n\n\n<li>verst\u00e4rkt die integrative Arbeit vor Ort<\/li>\n<\/ul>\n\n\n\n<p>Dazu wollen wir verschiedene Ma\u00dfnahmen initiieren, begleiten und unterst\u00fctzen. Die Unterst\u00fctzung der freien Tr\u00e4ger des Landkreises ist uns dabei wichtig. Weiterbildung ist ebenfalls Bestandteil des Programmes. Wichtig und zwingend notwendig f\u00fcr die Arbeit in diesen Programmen und auch in der Partnerschaft f\u00fcr Demokratie ist der Begleitausschuss. Er arbeitet schon seit 2007 in fast gleicher Besetzung zusammen und wurde auch f\u00fcr das Bundesprogramm \u201eDemokratie leben\u201c durch den Kreistag best\u00e4tigt.<\/p>\n\n\n\n<p><strong>Der Begleitausschuss<\/strong><\/p>\n\n\n\n<p>Der Begleitausschuss ist f\u00fcr die strategischen Planung und Organisation&nbsp; zust\u00e4ndig. Er legt die Eckpunkte fest.<br>Er entscheidet, welche Einzelma\u00dfnahmen aus dem Aktions-und Initiativfond der Zielerreichung dienen und spricht jeweils eine F\u00f6rderempfehlung aus.<br>Der Begleitausschuss arbeitet nach einer Gesch\u00e4ftsordnung.<\/p>\n\n\n\n<p><strong>Mitglieder des Begleitausschusses der \u201ePartnerschaft f\u00fcr Demokratie\u201c des Landkreises Elbe-Elster sind: <\/strong><\/p>\n\n\n\n<ul class=\"wp-block-list\">\n<li><strong>Andrea Stapel<\/strong>, Sportjugend Elbe-Elster<\/li>\n\n\n\n<li><strong>Yvonne Klinke <\/strong>(Vertreterin Jugendforum)<\/li>\n\n\n\n<li><strong>J\u00fcrgen Br\u00fcckner<\/strong>, Welt in EE e. V.<\/li>\n\n\n\n<li><strong>Dirk Stiller<\/strong>, Landkreis Elbe-Elster, Stabstelle Strategie, Pr\u00e4vention, Netzwerke<\/li>\n\n\n\n<li><strong>Allmuth Heinze<\/strong>,  evangelischer Kirchenkreis Bad Liebenwerda<\/li>\n\n\n\n<li><strong>Sebastian Hilbert<\/strong>, Mitarbeiter des Bildungsb\u00fcros des Landkreises Elbe-Elster<\/li>\n\n\n\n<li><strong>Steffi H\u00e4dicke<\/strong>, Landkreis Elbe-Elster, Integrationsbeauftragter<\/li>\n\n\n\n<li><strong>Alexander Sidon<\/strong>, evangelische Kirche Finsterwalde einf\u00fcgen<\/li>\n\n\n\n<li><strong>Diana Steinborn<\/strong>, Lokale Koordinierungs- und Fachstelle<\/li>\n\n\n\n<li><strong>Ute Miething, <\/strong>Vertreter Zivilgesellschaft<\/li>\n\n\n\n<li><strong>Beratendes Mitglied:<\/strong> <strong>Sandra Kuckel<\/strong>, MBT<\/li>\n<\/ul>\n","protected":false},"excerpt":{"rendered":"<p>Wer ist die &nbsp;\u201ePartnerschaft f\u00fcr Demokratie\u201c (PfD) im Landkreis Elbe-Elster? Projekte, die Demokratie f\u00f6rdern und zu kultureller Vielfalt ermutigen haben eine lange Tradition im Landkreis Elbe-Elster. Schon im Jahr 2000 fasste der Kreistag Elbe-Elster den Beschluss f\u00fcr einen weltoffenen toleranten Landkreis Elbe-Elster- gegen Rechtsextremismus und fremdenfeindliche Gewalt. Im M\u00e4rz 2004 wurde der Kreispr\u00e4ventionsrat gegr\u00fcndet, dieser &hellip; <\/p>\n<p class=\"link-more\"><a href=\"http:\/\/vielfalt-in-ee.de\/dl\/\" class=\"more-link\"><span class=\"screen-reader-text\">\u201ePartnerschaft f\u00fcr Demokratie\u201c<\/span> weiterlesen<\/a><\/p>\n","protected":false},"author":1,"featured_media":0,"parent":0,"menu_order":0,"comment_status":"closed","ping_status":"closed","template":"","meta":{"footnotes":""},"class_list":["post-5","page","type-page","status-publish","hentry"],"_links":{"self":[{"href":"http:\/\/vielfalt-in-ee.de\/dl\/wp-json\/wp\/v2\/pages\/5","targetHints":{"allow":["GET"]}}],"collection":[{"href":"http:\/\/vielfalt-in-ee.de\/dl\/wp-json\/wp\/v2\/pages"}],"about":[{"href":"http:\/\/vielfalt-in-ee.de\/dl\/wp-json\/wp\/v2\/types\/page"}],"author":[{"embeddable":true,"href":"http:\/\/vielfalt-in-ee.de\/dl\/wp-json\/wp\/v2\/users\/1"}],"replies":[{"embeddable":true,"href":"http:\/\/vielfalt-in-ee.de\/dl\/wp-json\/wp\/v2\/comments?post=5"}],"version-history":[{"count":15,"href":"http:\/\/vielfalt-in-ee.de\/dl\/wp-json\/wp\/v2\/pages\/5\/revisions"}],"predecessor-version":[{"id":268,"href":"http:\/\/vielfalt-in-ee.de\/dl\/wp-json\/wp\/v2\/pages\/5\/revisions\/268"}],"wp:attachment":[{"href":"http:\/\/vielfalt-in-ee.de\/dl\/wp-json\/wp\/v2\/media?parent=5"}],"curies":[{"name":"wp","href":"https:\/\/api.w.org\/{rel}","templated":true}]}}